{"id":331,"date":"2020-05-18T10:54:57","date_gmt":"2020-05-18T10:54:57","guid":{"rendered":"http:\/\/hi-techozone.com\/notre-compagnie\/"},"modified":"2020-05-20T07:56:42","modified_gmt":"2020-05-20T07:56:42","slug":"notre-compagnie","status":"publish","type":"page","link":"https:\/\/hi-techozone.com\/fr\/notre-compagnie\/","title":{"rendered":"Notre compagnie"},"content":{"rendered":"[vc_row type=\u00a0\u00bbfull_width_background\u00a0\u00bb full_screen_row_position=\u00a0\u00bbmiddle\u00a0\u00bb column_margin=\u00a0\u00bbdefault\u00a0\u00bb column_direction=\u00a0\u00bbdefault\u00a0\u00bb column_direction_tablet=\u00a0\u00bbdefault\u00a0\u00bb column_direction_phone=\u00a0\u00bbdefault\u00a0\u00bb bg_image=\u00a0\u00bb21&Prime; bg_position=\u00a0\u00bbleft top\u00a0\u00bb bg_repeat=\u00a0\u00bbno-repeat\u00a0\u00bb scene_position=\u00a0\u00bbcenter\u00a0\u00bb text_color=\u00a0\u00bbdark\u00a0\u00bb text_align=\u00a0\u00bbleft\u00a0\u00bb row_border_radius=\u00a0\u00bbnone\u00a0\u00bb row_border_radius_applies=\u00a0\u00bbbg\u00a0\u00bb enable_gradient=\u00a0\u00bbtrue\u00a0\u00bb color_overlay=\u00a0\u00bb#002445&Prime; color_overlay_2=\u00a0\u00bb#45c6e6&Prime; overlay_strength=\u00a0\u00bb0.3&Prime; gradient_direction=\u00a0\u00bbtop_to_bottom\u00a0\u00bb shape_divider_position=\u00a0\u00bbbottom\u00a0\u00bb bg_image_animation=\u00a0\u00bbnone\u00a0\u00bb shape_type=\u00a0\u00bb\u00a0\u00bb][vc_column column_padding=\u00a0\u00bbno-extra-padding\u00a0\u00bb column_padding_tablet=\u00a0\u00bbinherit\u00a0\u00bb column_padding_phone=\u00a0\u00bbinherit\u00a0\u00bb column_padding_position=\u00a0\u00bball\u00a0\u00bb background_color_opacity=\u00a0\u00bb1&Prime; background_hover_color_opacity=\u00a0\u00bb1&Prime; column_shadow=\u00a0\u00bbnone\u00a0\u00bb column_border_radius=\u00a0\u00bbnone\u00a0\u00bb column_link_target=\u00a0\u00bb_self\u00a0\u00bb gradient_direction=\u00a0\u00bbleft_to_right\u00a0\u00bb overlay_strength=\u00a0\u00bb0.3&Prime; width=\u00a0\u00bb1\/1&Prime; tablet_width_inherit=\u00a0\u00bbdefault\u00a0\u00bb tablet_text_alignment=\u00a0\u00bbdefault\u00a0\u00bb phone_text_alignment=\u00a0\u00bbdefault\u00a0\u00bb column_border_width=\u00a0\u00bbnone\u00a0\u00bb column_border_style=\u00a0\u00bbsolid\u00a0\u00bb bg_image_animation=\u00a0\u00bbnone\u00a0\u00bb][divider line_type=\u00a0\u00bbNo Line\u00a0\u00bb custom_height=\u00a0\u00bb400&Prime; custom_height_phone=\u00a0\u00bb300&Prime;][\/vc_column][\/vc_row][vc_row type=\u00a0\u00bbin_container\u00a0\u00bb full_screen_row_position=\u00a0\u00bbmiddle\u00a0\u00bb column_margin=\u00a0\u00bbdefault\u00a0\u00bb equal_height=\u00a0\u00bbyes\u00a0\u00bb content_placement=\u00a0\u00bbmiddle\u00a0\u00bb column_direction=\u00a0\u00bbdefault\u00a0\u00bb column_direction_tablet=\u00a0\u00bbdefault\u00a0\u00bb column_direction_phone=\u00a0\u00bbdefault\u00a0\u00bb scene_position=\u00a0\u00bbcenter\u00a0\u00bb top_padding=\u00a0\u00bb4%\u00a0\u00bb bottom_padding=\u00a0\u00bb4%\u00a0\u00bb text_color=\u00a0\u00bbdark\u00a0\u00bb text_align=\u00a0\u00bbleft\u00a0\u00bb row_border_radius=\u00a0\u00bbnone\u00a0\u00bb row_border_radius_applies=\u00a0\u00bbbg\u00a0\u00bb overlay_strength=\u00a0\u00bb0.3&Prime; gradient_direction=\u00a0\u00bbleft_to_right\u00a0\u00bb shape_divider_position=\u00a0\u00bbbottom\u00a0\u00bb bg_image_animation=\u00a0\u00bbnone\u00a0\u00bb shape_type=\u00a0\u00bb\u00a0\u00bb][vc_column column_padding=\u00a0\u00bbno-extra-padding\u00a0\u00bb column_padding_tablet=\u00a0\u00bbinherit\u00a0\u00bb column_padding_phone=\u00a0\u00bbinherit\u00a0\u00bb column_padding_position=\u00a0\u00bball\u00a0\u00bb background_color_opacity=\u00a0\u00bb1&Prime; background_hover_color_opacity=\u00a0\u00bb1&Prime; column_shadow=\u00a0\u00bbnone\u00a0\u00bb column_border_radius=\u00a0\u00bbnone\u00a0\u00bb column_link_target=\u00a0\u00bb_self\u00a0\u00bb gradient_direction=\u00a0\u00bbleft_to_right\u00a0\u00bb overlay_strength=\u00a0\u00bb0.3&Prime; width=\u00a0\u00bb1\/2&Prime; tablet_width_inherit=\u00a0\u00bbdefault\u00a0\u00bb tablet_text_alignment=\u00a0\u00bbdefault\u00a0\u00bb phone_text_alignment=\u00a0\u00bbdefault\u00a0\u00bb column_border_width=\u00a0\u00bbnone\u00a0\u00bb column_border_style=\u00a0\u00bbsolid\u00a0\u00bb bg_image_animation=\u00a0\u00bbnone\u00a0\u00bb][nectar_single_testimonial testimonial_style=\u00a0\u00bbbold\u00a0\u00bb color=\u00a0\u00bbExtra-Color-1&Prime; style=\u00a0\u00bbbold\u00a0\u00bb quote=\u00a0\u00bbIl y a ceux qui vendent des machines \u00e0 ozone: nous d\u00e9veloppons des projets d&rsquo;hygi\u00e8ne et de sant\u00e9\u00a0\u00bb][vc_column_text]\n<p class=\"p1\"><span class=\"s1\">Y para ello contamos con Ingenieros qu\u00edmicos. Industriales. Fabricantes de componentes de primer nivel mundial, Ingenieros en Telecomunicaci\u00f3n y empresarios. Y socios tecnol\u00f3gicos. Aprendiendo cada d\u00eda, con m\u00e1s de treinta a\u00f1os trabajando con ozono.<\/span><\/p>\n[\/vc_column_text][\/vc_column][vc_column column_padding=\u00a0\u00bbno-extra-padding\u00a0\u00bb column_padding_tablet=\u00a0\u00bbinherit\u00a0\u00bb column_padding_phone=\u00a0\u00bbinherit\u00a0\u00bb column_padding_position=\u00a0\u00bball\u00a0\u00bb background_color_opacity=\u00a0\u00bb1&Prime; background_hover_color_opacity=\u00a0\u00bb1&Prime; column_shadow=\u00a0\u00bbnone\u00a0\u00bb column_border_radius=\u00a0\u00bbnone\u00a0\u00bb column_link_target=\u00a0\u00bb_self\u00a0\u00bb gradient_direction=\u00a0\u00bbleft_to_right\u00a0\u00bb overlay_strength=\u00a0\u00bb0.3&Prime; width=\u00a0\u00bb1\/2&Prime; tablet_width_inherit=\u00a0\u00bbdefault\u00a0\u00bb tablet_text_alignment=\u00a0\u00bbdefault\u00a0\u00bb phone_text_alignment=\u00a0\u00bbdefault\u00a0\u00bb column_border_width=\u00a0\u00bbnone\u00a0\u00bb column_border_style=\u00a0\u00bbsolid\u00a0\u00bb bg_image_animation=\u00a0\u00bbnone\u00a0\u00bb][image_with_animation image_url=\u00a0\u00bb316&Prime; animation=\u00a0\u00bbFade In\u00a0\u00bb hover_animation=\u00a0\u00bbnone\u00a0\u00bb alignment=\u00a0\u00bb\u00a0\u00bb border_radius=\u00a0\u00bb10px\u00a0\u00bb box_shadow=\u00a0\u00bbsmall_depth\u00a0\u00bb image_loading=\u00a0\u00bbdefault\u00a0\u00bb max_width=\u00a0\u00bb100%\u00a0\u00bb max_width_mobile=\u00a0\u00bbdefault\u00a0\u00bb][\/vc_column][\/vc_row][vc_row type=\u00a0\u00bbfull_width_background\u00a0\u00bb full_screen_row_position=\u00a0\u00bbmiddle\u00a0\u00bb column_margin=\u00a0\u00bbdefault\u00a0\u00bb equal_height=\u00a0\u00bbyes\u00a0\u00bb content_placement=\u00a0\u00bbmiddle\u00a0\u00bb column_direction=\u00a0\u00bbdefault\u00a0\u00bb column_direction_tablet=\u00a0\u00bbdefault\u00a0\u00bb column_direction_phone=\u00a0\u00bbdefault\u00a0\u00bb bg_image=\u00a0\u00bb320&Prime; bg_position=\u00a0\u00bbleft top\u00a0\u00bb bg_repeat=\u00a0\u00bbno-repeat\u00a0\u00bb scene_position=\u00a0\u00bbcenter\u00a0\u00bb top_padding=\u00a0\u00bb2%\u00a0\u00bb bottom_padding=\u00a0\u00bb2%\u00a0\u00bb text_color=\u00a0\u00bblight\u00a0\u00bb text_align=\u00a0\u00bbleft\u00a0\u00bb row_border_radius=\u00a0\u00bbnone\u00a0\u00bb row_border_radius_applies=\u00a0\u00bbbg\u00a0\u00bb enable_gradient=\u00a0\u00bbtrue\u00a0\u00bb color_overlay=\u00a0\u00bb#1d7bc0&Prime; color_overlay_2=\u00a0\u00bb#00aeef\u00a0\u00bb overlay_strength=\u00a0\u00bb0.8&Prime; gradient_direction=\u00a0\u00bbleft_b_to_right_t\u00a0\u00bb shape_divider_position=\u00a0\u00bbbottom\u00a0\u00bb bg_image_animation=\u00a0\u00bbnone\u00a0\u00bb shape_type=\u00a0\u00bb\u00a0\u00bb][vc_column column_padding=\u00a0\u00bbno-extra-padding\u00a0\u00bb column_padding_tablet=\u00a0\u00bbinherit\u00a0\u00bb column_padding_phone=\u00a0\u00bbinherit\u00a0\u00bb column_padding_position=\u00a0\u00bball\u00a0\u00bb background_color_opacity=\u00a0\u00bb1&Prime; background_hover_color_opacity=\u00a0\u00bb1&Prime; column_shadow=\u00a0\u00bbnone\u00a0\u00bb column_border_radius=\u00a0\u00bbnone\u00a0\u00bb column_link_target=\u00a0\u00bb_self\u00a0\u00bb gradient_direction=\u00a0\u00bbleft_to_right\u00a0\u00bb overlay_strength=\u00a0\u00bb0.3&Prime; width=\u00a0\u00bb1\/1&Prime; tablet_width_inherit=\u00a0\u00bbdefault\u00a0\u00bb tablet_text_alignment=\u00a0\u00bbdefault\u00a0\u00bb phone_text_alignment=\u00a0\u00bbdefault\u00a0\u00bb column_border_width=\u00a0\u00bbnone\u00a0\u00bb column_border_style=\u00a0\u00bbsolid\u00a0\u00bb bg_image_animation=\u00a0\u00bbnone\u00a0\u00bb][vc_row_inner equal_height=\u00a0\u00bbyes\u00a0\u00bb content_placement=\u00a0\u00bbmiddle\u00a0\u00bb column_margin=\u00a0\u00bbdefault\u00a0\u00bb column_direction=\u00a0\u00bbdefault\u00a0\u00bb column_direction_tablet=\u00a0\u00bbdefault\u00a0\u00bb column_direction_phone=\u00a0\u00bbdefault\u00a0\u00bb text_align=\u00a0\u00bbleft\u00a0\u00bb][vc_column_inner column_padding=\u00a0\u00bbno-extra-padding\u00a0\u00bb column_padding_tablet=\u00a0\u00bbinherit\u00a0\u00bb column_padding_phone=\u00a0\u00bbinherit\u00a0\u00bb column_padding_position=\u00a0\u00bball\u00a0\u00bb background_color_opacity=\u00a0\u00bb1&Prime; background_hover_color_opacity=\u00a0\u00bb1&Prime; column_shadow=\u00a0\u00bbnone\u00a0\u00bb column_border_radius=\u00a0\u00bbnone\u00a0\u00bb column_link_target=\u00a0\u00bb_self\u00a0\u00bb gradient_direction=\u00a0\u00bbleft_to_right\u00a0\u00bb overlay_strength=\u00a0\u00bb0.3&Prime; width=\u00a0\u00bb1\/2&Prime; tablet_width_inherit=\u00a0\u00bbdefault\u00a0\u00bb column_border_width=\u00a0\u00bbnone\u00a0\u00bb column_border_style=\u00a0\u00bbsolid\u00a0\u00bb bg_image_animation=\u00a0\u00bbnone\u00a0\u00bb][vc_column_text]\n<h2 class=\"p1\">R&amp;D&amp;I<\/h2>\n[\/vc_column_text][divider line_type=\u00a0\u00bbNo Line\u00a0\u00bb custom_height=\u00a0\u00bb20&Prime;][vc_column_text css_animation=\u00a0\u00bbbottom-to-top\u00a0\u00bb]\n<p class=\"p1\"><span class=\"s1\">Notre entreprise investit de l&rsquo;argent pour acqu\u00e9rir des connaissances, ET notre d\u00e9partement R&amp;D&amp;I investit des connaissances pour obtenir de l&rsquo;argent, en respectant les exigences de la norme UNE 166001. Ce n&rsquo;est qu&rsquo;ainsi que nous pourrons \u00eatre plus efficaces, \u00eatre \u00e0 la pointe de la technologie et cr\u00e9er de la valeur ajout\u00e9e pour l&rsquo;industrie ozone. Avec les meilleurs partenaires du march\u00e9.<\/span><\/p>\n[\/vc_column_text][\/vc_column_inner][vc_column_inner column_padding=\u00a0\u00bbno-extra-padding\u00a0\u00bb column_padding_tablet=\u00a0\u00bbinherit\u00a0\u00bb column_padding_phone=\u00a0\u00bbinherit\u00a0\u00bb column_padding_position=\u00a0\u00bball\u00a0\u00bb background_color_opacity=\u00a0\u00bb1&Prime; background_hover_color_opacity=\u00a0\u00bb1&Prime; column_shadow=\u00a0\u00bbnone\u00a0\u00bb column_border_radius=\u00a0\u00bbnone\u00a0\u00bb column_link_target=\u00a0\u00bb_self\u00a0\u00bb gradient_direction=\u00a0\u00bbleft_to_right\u00a0\u00bb overlay_strength=\u00a0\u00bb0.3&Prime; width=\u00a0\u00bb1\/2&Prime; tablet_width_inherit=\u00a0\u00bbdefault\u00a0\u00bb column_border_width=\u00a0\u00bbnone\u00a0\u00bb column_border_style=\u00a0\u00bbsolid\u00a0\u00bb bg_image_animation=\u00a0\u00bbnone\u00a0\u00bb][nectar_cascading_images image_1_url=\u00a0\u00bb324&Prime; image_1_bg_color=\u00a0\u00bb#3452ff\u00a0\u00bb image_1_offset_x_sign=\u00a0\u00bb+\u00a0\u00bb image_1_offset_x=\u00a0\u00bb0%\u00a0\u00bb image_1_offset_y_sign=\u00a0\u00bb+\u00a0\u00bb image_1_offset_y=\u00a0\u00bb0%\u00a0\u00bb image_1_rotate_sign=\u00a0\u00bb+\u00a0\u00bb image_1_rotate=\u00a0\u00bbnone\u00a0\u00bb image_1_scale=\u00a0\u00bb1&Prime; image_1_animation=\u00a0\u00bbGrow In\u00a0\u00bb image_1_box_shadow=\u00a0\u00bbnone\u00a0\u00bb image_1_padding=\u00a0\u00bbauto\u00a0\u00bb image_1_max_width_desktop=\u00a0\u00bb100%\u00a0\u00bb image_1_max_width_mobile=\u00a0\u00bb100%\u00a0\u00bb image_1_image_width_mobile=\u00a0\u00bbdefault\u00a0\u00bb image_2_url=\u00a0\u00bb312&Prime; image_2_offset_x_sign=\u00a0\u00bb+\u00a0\u00bb image_2_offset_x=\u00a0\u00bb25%\u00a0\u00bb image_2_offset_y_sign=\u00a0\u00bb+\u00a0\u00bb image_2_offset_y=\u00a0\u00bb35%\u00a0\u00bb image_2_rotate_sign=\u00a0\u00bb+\u00a0\u00bb image_2_rotate=\u00a0\u00bbnone\u00a0\u00bb image_2_scale=\u00a0\u00bb1&Prime; image_2_animation=\u00a0\u00bbGrow In\u00a0\u00bb image_2_box_shadow=\u00a0\u00bbnone\u00a0\u00bb image_2_padding=\u00a0\u00bbauto\u00a0\u00bb image_2_max_width_desktop=\u00a0\u00bb100%\u00a0\u00bb image_2_max_width_mobile=\u00a0\u00bb100%\u00a0\u00bb image_2_image_width_mobile=\u00a0\u00bbdefault\u00a0\u00bb image_3_offset_x_sign=\u00a0\u00bb-\u00a0\u00bb image_3_offset_x=\u00a0\u00bb15%\u00a0\u00bb image_3_offset_y_sign=\u00a0\u00bb-\u00a0\u00bb image_3_offset_y=\u00a0\u00bb30%\u00a0\u00bb image_3_rotate_sign=\u00a0\u00bb+\u00a0\u00bb image_3_rotate=\u00a0\u00bbnone\u00a0\u00bb image_3_scale=\u00a0\u00bb1&Prime; image_3_animation=\u00a0\u00bbGrow In\u00a0\u00bb image_3_box_shadow=\u00a0\u00bbx_large_depth\u00a0\u00bb image_3_padding=\u00a0\u00bbauto\u00a0\u00bb image_3_max_width_desktop=\u00a0\u00bb100%\u00a0\u00bb image_3_max_width_mobile=\u00a0\u00bb100%\u00a0\u00bb image_3_image_width_mobile=\u00a0\u00bbdefault\u00a0\u00bb image_4_offset_x_sign=\u00a0\u00bb+\u00a0\u00bb image_4_offset_x=\u00a0\u00bb0%\u00a0\u00bb image_4_offset_y_sign=\u00a0\u00bb+\u00a0\u00bb image_4_offset_y=\u00a0\u00bb0%\u00a0\u00bb image_4_rotate_sign=\u00a0\u00bb+\u00a0\u00bb image_4_rotate=\u00a0\u00bbnone\u00a0\u00bb image_4_scale=\u00a0\u00bb1&Prime; image_4_animation=\u00a0\u00bbFade In\u00a0\u00bb image_4_box_shadow=\u00a0\u00bbnone\u00a0\u00bb image_4_padding=\u00a0\u00bbauto\u00a0\u00bb image_4_max_width_desktop=\u00a0\u00bb100%\u00a0\u00bb image_4_max_width_mobile=\u00a0\u00bb100%\u00a0\u00bb image_4_image_width_mobile=\u00a0\u00bbdefault\u00a0\u00bb border_radius=\u00a0\u00bb10px\u00a0\u00bb image_loading=\u00a0\u00bbdefault\u00a0\u00bb][\/vc_column_inner][\/vc_row_inner][\/vc_column][\/vc_row]\n","protected":false},"excerpt":{"rendered":"<p>[vc_row type=\u00a0\u00bbfull_width_background\u00a0\u00bb full_screen_row_position=\u00a0\u00bbmiddle\u00a0\u00bb column_margin=\u00a0\u00bbdefault\u00a0\u00bb column_direction=\u00a0\u00bbdefault\u00a0\u00bb column_direction_tablet=\u00a0\u00bbdefault\u00a0\u00bb column_direction_phone=\u00a0\u00bbdefault\u00a0\u00bb bg_image=\u00a0\u00bb21&Prime; bg_position=\u00a0\u00bbleft top\u00a0\u00bb bg_repeat=\u00a0\u00bbno-repeat\u00a0\u00bb scene_position=\u00a0\u00bbcenter\u00a0\u00bb text_color=\u00a0\u00bbdark\u00a0\u00bb text_align=\u00a0\u00bbleft\u00a0\u00bb row_border_radius=\u00a0\u00bbnone\u00a0\u00bb row_border_radius_applies=\u00a0\u00bbbg\u00a0\u00bb enable_gradient=\u00a0\u00bbtrue\u00a0\u00bb color_overlay=\u00a0\u00bb#002445&Prime; color_overlay_2=\u00a0\u00bb#45c6e6&Prime; overlay_strength=\u00a0\u00bb0.3&Prime; gradient_direction=\u00a0\u00bbtop_to_bottom\u00a0\u00bb shape_divider_position=\u00a0\u00bbbottom\u00a0\u00bb bg_image_animation=\u00a0\u00bbnone\u00a0\u00bb shape_type=\u00a0\u00bb\u00a0\u00bb][vc_column column_padding=\u00a0\u00bbno-extra-padding\u00a0\u00bb column_padding_tablet=\u00a0\u00bbinherit\u00a0\u00bb column_padding_phone=\u00a0\u00bbinherit\u00a0\u00bb column_padding_position=\u00a0\u00bball\u00a0\u00bb background_color_opacity=\u00a0\u00bb1&Prime; background_hover_color_opacity=\u00a0\u00bb1&Prime;&#8230;<\/p>\n","protected":false},"author":1,"featured_media":0,"parent":0,"menu_order":0,"comment_status":"closed","ping_status":"closed","template":"","meta":[],"yoast_head":"<!-- This site is optimized with the Yoast SEO plugin v17.0 - https:\/\/yoast.com\/wordpress\/plugins\/seo\/ -->\n<title>Notre compagnie - Alta Tecnolog\u00eda en Ozono<\/title>\n<meta name=\"robots\" content=\"index, follow, max-snippet:-1, max-image-preview:large, max-video-preview:-1\" \/>\n<link rel=\"canonical\" href=\"https:\/\/hi-techozone.com\/fr\/notre-compagnie\/\" \/>\n<meta property=\"og:locale\" content=\"fr_FR\" \/>\n<meta property=\"og:type\" content=\"article\" \/>\n<meta property=\"og:title\" content=\"Notre compagnie - Alta Tecnolog\u00eda en Ozono\" \/>\n<meta property=\"og:description\" content=\"[vc_row type=\u00a0\u00bbfull_width_background\u00a0\u00bb full_screen_row_position=\u00a0\u00bbmiddle\u00a0\u00bb column_margin=\u00a0\u00bbdefault\u00a0\u00bb column_direction=\u00a0\u00bbdefault\u00a0\u00bb column_direction_tablet=\u00a0\u00bbdefault\u00a0\u00bb column_direction_phone=\u00a0\u00bbdefault\u00a0\u00bb bg_image=\u00a0\u00bb21&Prime; bg_position=\u00a0\u00bbleft top\u00a0\u00bb bg_repeat=\u00a0\u00bbno-repeat\u00a0\u00bb scene_position=\u00a0\u00bbcenter\u00a0\u00bb text_color=\u00a0\u00bbdark\u00a0\u00bb text_align=\u00a0\u00bbleft\u00a0\u00bb row_border_radius=\u00a0\u00bbnone\u00a0\u00bb row_border_radius_applies=\u00a0\u00bbbg\u00a0\u00bb enable_gradient=\u00a0\u00bbtrue\u00a0\u00bb color_overlay=\u00a0\u00bb#002445&Prime; color_overlay_2=\u00a0\u00bb#45c6e6&Prime; overlay_strength=\u00a0\u00bb0.3&Prime; gradient_direction=\u00a0\u00bbtop_to_bottom\u00a0\u00bb shape_divider_position=\u00a0\u00bbbottom\u00a0\u00bb bg_image_animation=\u00a0\u00bbnone\u00a0\u00bb shape_type=\u00a0\u00bb\u00a0\u00bb][vc_column column_padding=\u00a0\u00bbno-extra-padding\u00a0\u00bb column_padding_tablet=\u00a0\u00bbinherit\u00a0\u00bb column_padding_phone=\u00a0\u00bbinherit\u00a0\u00bb column_padding_position=\u00a0\u00bball\u00a0\u00bb background_color_opacity=\u00a0\u00bb1&Prime; background_hover_color_opacity=\u00a0\u00bb1&Prime;...\" \/>\n<meta property=\"og:url\" content=\"https:\/\/hi-techozone.com\/fr\/notre-compagnie\/\" \/>\n<meta property=\"og:site_name\" content=\"Alta Tecnolog\u00eda en Ozono\" \/>\n<meta property=\"article:modified_time\" content=\"2020-05-20T07:56:42+00:00\" \/>\n<meta name=\"twitter:card\" content=\"summary_large_image\" \/>\n<meta name=\"twitter:label1\" content=\"Dur\u00e9e de lecture est.\" \/>\n\t<meta name=\"twitter:data1\" content=\"5 minutes\" \/>\n<script type=\"application\/ld+json\" class=\"yoast-schema-graph\">{\"@context\":\"https:\/\/schema.org\",\"@graph\":[{\"@type\":\"WebSite\",\"@id\":\"https:\/\/hi-techozone.com\/zh-hans\/#website\",\"url\":\"https:\/\/hi-techozone.com\/zh-hans\/\",\"name\":\"Alta Tecnolog\\u00eda en Ozono\",\"description\":\"Alta Tecnolog\\u00eda en Ozono\",\"potentialAction\":[{\"@type\":\"SearchAction\",\"target\":{\"@type\":\"EntryPoint\",\"urlTemplate\":\"https:\/\/hi-techozone.com\/zh-hans\/?s={search_term_string}\"},\"query-input\":\"required name=search_term_string\"}],\"inLanguage\":\"fr-FR\"},{\"@type\":\"WebPage\",\"@id\":\"https:\/\/hi-techozone.com\/fr\/notre-compagnie\/#webpage\",\"url\":\"https:\/\/hi-techozone.com\/fr\/notre-compagnie\/\",\"name\":\"Notre compagnie - Alta Tecnolog\\u00eda en Ozono\",\"isPartOf\":{\"@id\":\"https:\/\/hi-techozone.com\/zh-hans\/#website\"},\"datePublished\":\"2020-05-18T10:54:57+00:00\",\"dateModified\":\"2020-05-20T07:56:42+00:00\",\"breadcrumb\":{\"@id\":\"https:\/\/hi-techozone.com\/fr\/notre-compagnie\/#breadcrumb\"},\"inLanguage\":\"fr-FR\",\"potentialAction\":[{\"@type\":\"ReadAction\",\"target\":[\"https:\/\/hi-techozone.com\/fr\/notre-compagnie\/\"]}]},{\"@type\":\"BreadcrumbList\",\"@id\":\"https:\/\/hi-techozone.com\/fr\/notre-compagnie\/#breadcrumb\",\"itemListElement\":[{\"@type\":\"ListItem\",\"position\":1,\"name\":\"Portada\",\"item\":\"https:\/\/hi-techozone.com\/fr\/\"},{\"@type\":\"ListItem\",\"position\":2,\"name\":\"Notre compagnie\"}]}]}<\/script>\n<!-- \/ Yoast SEO plugin. -->","yoast_head_json":{"title":"Notre compagnie - Alta Tecnolog\u00eda en Ozono","robots":{"index":"index","follow":"follow","max-snippet":"max-snippet:-1","max-image-preview":"max-image-preview:large","max-video-preview":"max-video-preview:-1"},"canonical":"https:\/\/hi-techozone.com\/fr\/notre-compagnie\/","og_locale":"fr_FR","og_type":"article","og_title":"Notre compagnie - Alta Tecnolog\u00eda en Ozono","og_description":"[vc_row type=\u00a0\u00bbfull_width_background\u00a0\u00bb full_screen_row_position=\u00a0\u00bbmiddle\u00a0\u00bb column_margin=\u00a0\u00bbdefault\u00a0\u00bb column_direction=\u00a0\u00bbdefault\u00a0\u00bb column_direction_tablet=\u00a0\u00bbdefault\u00a0\u00bb column_direction_phone=\u00a0\u00bbdefault\u00a0\u00bb bg_image=\u00a0\u00bb21&Prime; bg_position=\u00a0\u00bbleft top\u00a0\u00bb bg_repeat=\u00a0\u00bbno-repeat\u00a0\u00bb scene_position=\u00a0\u00bbcenter\u00a0\u00bb text_color=\u00a0\u00bbdark\u00a0\u00bb text_align=\u00a0\u00bbleft\u00a0\u00bb row_border_radius=\u00a0\u00bbnone\u00a0\u00bb row_border_radius_applies=\u00a0\u00bbbg\u00a0\u00bb enable_gradient=\u00a0\u00bbtrue\u00a0\u00bb color_overlay=\u00a0\u00bb#002445&Prime; color_overlay_2=\u00a0\u00bb#45c6e6&Prime; overlay_strength=\u00a0\u00bb0.3&Prime; gradient_direction=\u00a0\u00bbtop_to_bottom\u00a0\u00bb shape_divider_position=\u00a0\u00bbbottom\u00a0\u00bb bg_image_animation=\u00a0\u00bbnone\u00a0\u00bb shape_type=\u00a0\u00bb\u00a0\u00bb][vc_column column_padding=\u00a0\u00bbno-extra-padding\u00a0\u00bb column_padding_tablet=\u00a0\u00bbinherit\u00a0\u00bb column_padding_phone=\u00a0\u00bbinherit\u00a0\u00bb column_padding_position=\u00a0\u00bball\u00a0\u00bb background_color_opacity=\u00a0\u00bb1&Prime; background_hover_color_opacity=\u00a0\u00bb1&Prime;...","og_url":"https:\/\/hi-techozone.com\/fr\/notre-compagnie\/","og_site_name":"Alta Tecnolog\u00eda en Ozono","article_modified_time":"2020-05-20T07:56:42+00:00","twitter_card":"summary_large_image","twitter_misc":{"Dur\u00e9e de lecture est.":"5 minutes"},"schema":{"@context":"https:\/\/schema.org","@graph":[{"@type":"WebSite","@id":"https:\/\/hi-techozone.com\/zh-hans\/#website","url":"https:\/\/hi-techozone.com\/zh-hans\/","name":"Alta Tecnolog\u00eda en Ozono","description":"Alta Tecnolog\u00eda en Ozono","potentialAction":[{"@type":"SearchAction","target":{"@type":"EntryPoint","urlTemplate":"https:\/\/hi-techozone.com\/zh-hans\/?s={search_term_string}"},"query-input":"required name=search_term_string"}],"inLanguage":"fr-FR"},{"@type":"WebPage","@id":"https:\/\/hi-techozone.com\/fr\/notre-compagnie\/#webpage","url":"https:\/\/hi-techozone.com\/fr\/notre-compagnie\/","name":"Notre compagnie - Alta Tecnolog\u00eda en Ozono","isPartOf":{"@id":"https:\/\/hi-techozone.com\/zh-hans\/#website"},"datePublished":"2020-05-18T10:54:57+00:00","dateModified":"2020-05-20T07:56:42+00:00","breadcrumb":{"@id":"https:\/\/hi-techozone.com\/fr\/notre-compagnie\/#breadcrumb"},"inLanguage":"fr-FR","potentialAction":[{"@type":"ReadAction","target":["https:\/\/hi-techozone.com\/fr\/notre-compagnie\/"]}]},{"@type":"BreadcrumbList","@id":"https:\/\/hi-techozone.com\/fr\/notre-compagnie\/#breadcrumb","itemListElement":[{"@type":"ListItem","position":1,"name":"Portada","item":"https:\/\/hi-techozone.com\/fr\/"},{"@type":"ListItem","position":2,"name":"Notre compagnie"}]}]}},"_links":{"self":[{"href":"https:\/\/hi-techozone.com\/fr\/wp-json\/wp\/v2\/pages\/331"}],"collection":[{"href":"https:\/\/hi-techozone.com\/fr\/wp-json\/wp\/v2\/pages"}],"about":[{"href":"https:\/\/hi-techozone.com\/fr\/wp-json\/wp\/v2\/types\/page"}],"author":[{"embeddable":true,"href":"https:\/\/hi-techozone.com\/fr\/wp-json\/wp\/v2\/users\/1"}],"replies":[{"embeddable":true,"href":"https:\/\/hi-techozone.com\/fr\/wp-json\/wp\/v2\/comments?post=331"}],"version-history":[{"count":2,"href":"https:\/\/hi-techozone.com\/fr\/wp-json\/wp\/v2\/pages\/331\/revisions"}],"predecessor-version":[{"id":672,"href":"https:\/\/hi-techozone.com\/fr\/wp-json\/wp\/v2\/pages\/331\/revisions\/672"}],"wp:attachment":[{"href":"https:\/\/hi-techozone.com\/fr\/wp-json\/wp\/v2\/media?parent=331"}],"curies":[{"name":"wp","href":"https:\/\/api.w.org\/{rel}","templated":true}]}}